{"id":2229,"date":"2020-02-25T21:48:52","date_gmt":"2020-02-25T20:48:52","guid":{"rendered":"http:\/\/lionel-volta.fr\/ents\/?page_id=2229"},"modified":"2020-03-01T22:17:56","modified_gmt":"2020-03-01T21:17:56","slug":"liens","status":"publish","type":"page","link":"https:\/\/lionel-volta.fr\/ents\/liens\/","title":{"rendered":"Liens"},"content":{"rendered":"<p><a href=\"https:\/\/fr.wikipedia.org\/wiki\/chronoxyle\">https:\/\/fr.wikipedia.org\/wiki\/Chronoxyle<\/a><\/p>\n<hr \/>\n<p><a href=\"https:\/\/www.odilejacob.fr\/catalogue\/sciences\/environnement-developpement-durable\/penser-comme-un-arbre_9782738144362.php\">\u00ab\u00a0Penser comme un arbre\u00a0\u00bb de Jacques Tassin<\/a><\/p>\n<hr \/>\n<p><a href=\"https:\/\/www.ted.com\/talks\/stefano_mancuso_the_roots_of_plant_intelligence?language=fr\">Stefano Mancuso &#8211; Les racines de l&rsquo;intelligence v\u00e9g\u00e9tale (vid\u00e9o)<\/a><\/p>\n<hr \/>\n<p><a href=\"http:\/\/www.telerama.fr\/monde\/francis-halle-les-arbres-peuvent-etre-immortels-et-ca-fait-peur,34762.php\" target=\"_blank\" rel=\"noopener noreferrer\">Francis Halle : Les arbres peuvent \u00eatre immortels et ca fait peur. (T\u00e9l\u00e9rama.fr)<\/a><\/p>\n<p><iframe loading=\"lazy\" title=\"Un arbre tout neuf, par Francis Hall\u00e9\" width=\"560\" height=\"315\" src=\"https:\/\/www.youtube.com\/embed\/Vd0QWIG2Q_g?feature=oembed\" frameborder=\"0\" allow=\"accelerometer; autoplay; clipboard-write; encrypted-media; gyroscope; picture-in-picture; web-share\" referrerpolicy=\"strict-origin-when-cross-origin\" allowfullscreen><\/iframe><\/p>\n<hr \/>\n<p><a href=\"https:\/\/fr.wikipedia.org\/wiki\/Mycorhize\">La Mycorhize sur wikip\u00e9dia <\/a><\/p>\n<hr \/>\n<p><iframe loading=\"lazy\" title=\"Ernst Z\u00fcrcher, Les arbres entre visible et invisible - S\u00e9ance de r\u00e9ponse aux questions\" width=\"560\" height=\"315\" src=\"https:\/\/www.youtube.com\/embed\/hW0XU-Ekyxc?feature=oembed\" frameborder=\"0\" allow=\"accelerometer; autoplay; clipboard-write; encrypted-media; gyroscope; picture-in-picture; web-share\" referrerpolicy=\"strict-origin-when-cross-origin\" allowfullscreen><\/iframe><\/p>\n<hr \/>\n<p><a href=\"https:\/\/fr.wikipedia.org\/wiki\/Ent\">Ents (<span class=\"nowrap\">Tolkien<\/span>)<\/a><\/p>\n<hr \/>\n","protected":false},"excerpt":{"rendered":"<p>https:\/\/fr.wikipedia.org\/wiki\/Chronoxyle \u00ab\u00a0Penser comme un arbre\u00a0\u00bb de Jacques Tassin Stefano Mancuso &#8211; Les racines de l&rsquo;intelligence v\u00e9g\u00e9tale (vid\u00e9o) Francis Halle : Les arbres peuvent \u00eatre immortels et ca fait peur. (T\u00e9l\u00e9rama.fr) La Mycorhize sur wikip\u00e9dia Ents (Tolkien)<\/p>\n","protected":false},"author":1,"featured_media":0,"parent":0,"menu_order":0,"comment_status":"closed","ping_status":"closed","template":"","meta":{"footnotes":""},"class_list":["post-2229","page","type-page","status-publish","hentry","missing-thumbnail"],"_links":{"self":[{"href":"https:\/\/lionel-volta.fr\/ents\/wp-json\/wp\/v2\/pages\/2229","targetHints":{"allow":["GET"]}}],"collection":[{"href":"https:\/\/lionel-volta.fr\/ents\/wp-json\/wp\/v2\/pages"}],"about":[{"href":"https:\/\/lionel-volta.fr\/ents\/wp-json\/wp\/v2\/types\/page"}],"author":[{"embeddable":true,"href":"https:\/\/lionel-volta.fr\/ents\/wp-json\/wp\/v2\/users\/1"}],"replies":[{"embeddable":true,"href":"https:\/\/lionel-volta.fr\/ents\/wp-json\/wp\/v2\/comments?post=2229"}],"version-history":[{"count":0,"href":"https:\/\/lionel-volta.fr\/ents\/wp-json\/wp\/v2\/pages\/2229\/revisions"}],"wp:attachment":[{"href":"https:\/\/lionel-volta.fr\/ents\/wp-json\/wp\/v2\/media?parent=2229"}],"curies":[{"name":"wp","href":"https:\/\/api.w.org\/{rel}","templated":true}]}}